{"id":987658,"date":"2026-03-04T18:10:28","date_gmt":"2026-03-04T18:10:28","guid":{"rendered":"https:\/\/casteldecabra.com\/?page_id=987658"},"modified":"2026-03-04T18:38:52","modified_gmt":"2026-03-04T18:38:52","slug":"pagina-de-mantenimiento","status":"publish","type":"page","link":"https:\/\/casteldecabra.com\/","title":{"rendered":"P\u00e1gina de mantenimiento"},"content":{"rendered":"\t\t<div data-elementor-type=\"wp-page\" data-elementor-id=\"987658\" class=\"elementor elementor-987658\" data-elementor-post-type=\"page\">\n\t\t\t\t\t\t<section class=\"elementor-section elementor-top-section elementor-element elementor-element-9b2e764 elementor-section-boxed elementor-section-height-default elementor-section-height-default\" data-id=\"9b2e764\" data-element_type=\"section\" data-e-type=\"section\">\n\t\t\t\t\t\t<div class=\"elementor-container elementor-column-gap-default\">\n\t\t\t\t\t<div class=\"elementor-column elementor-col-100 elementor-top-column elementor-element elementor-element-6f972ab\" data-id=\"6f972ab\" data-element_type=\"column\" data-e-type=\"column\">\n\t\t\t<div class=\"elementor-widget-wrap elementor-element-populated\">\n\t\t\t\t\t\t<div class=\"elementor-element elementor-element-dd2101f elementor-widget elementor-widget-spacer\" data-id=\"dd2101f\" data-element_type=\"widget\" data-e-type=\"widget\" data-widget_type=\"spacer.default\">\n\t\t\t\t<div class=\"elementor-widget-container\">\n\t\t\t\t\t\t\t<div class=\"elementor-spacer\">\n\t\t\t<div class=\"elementor-spacer-inner\"><\/div>\n\t\t<\/div>\n\t\t\t\t\t\t<\/div>\n\t\t\t\t<\/div>\n\t\t\t\t\t<\/div>\n\t\t<\/div>\n\t\t\t\t\t<\/div>\n\t\t<\/section>\n\t\t\t\t<section class=\"elementor-section elementor-top-section elementor-element elementor-element-1e4fc6a elementor-section-boxed elementor-section-height-default elementor-section-height-default\" data-id=\"1e4fc6a\" data-element_type=\"section\" data-e-type=\"section\">\n\t\t\t\t\t\t<div class=\"elementor-container elementor-column-gap-default\">\n\t\t\t\t\t<div class=\"elementor-column elementor-col-33 elementor-top-column elementor-element elementor-element-35eb7b5\" data-id=\"35eb7b5\" data-element_type=\"column\" data-e-type=\"column\">\n\t\t\t<div class=\"elementor-widget-wrap\">\n\t\t\t\t\t\t\t<\/div>\n\t\t<\/div>\n\t\t\t\t<div class=\"elementor-column elementor-col-33 elementor-top-column elementor-element elementor-element-03d5816\" data-id=\"03d5816\" data-element_type=\"column\" data-e-type=\"column\">\n\t\t\t<div class=\"elementor-widget-wrap elementor-element-populated\">\n\t\t\t\t\t\t<div class=\"elementor-element elementor-element-a3b891c elementor-widget elementor-widget-image\" data-id=\"a3b891c\" data-element_type=\"widget\" data-e-type=\"widget\" data-widget_type=\"image.default\">\n\t\t\t\t<div class=\"elementor-widget-container\">\n\t\t\t\t\t\t\t\t\t\t\t\t\t\t\t<img fetchpriority=\"high\" decoding=\"async\" width=\"1024\" height=\"632\" src=\"https:\/\/casteldecabra.com\/wp-content\/uploads\/2023\/08\/shubham-dhage-bdt8C6DL6T4-unsplash-1024x632.jpg\" class=\"attachment-large size-large wp-image-13479\" alt=\"\" srcset=\"https:\/\/casteldecabra.com\/wp-content\/uploads\/2023\/08\/shubham-dhage-bdt8C6DL6T4-unsplash-1024x632.jpg 1024w, https:\/\/casteldecabra.com\/wp-content\/uploads\/2023\/08\/shubham-dhage-bdt8C6DL6T4-unsplash-300x185.jpg 300w, https:\/\/casteldecabra.com\/wp-content\/uploads\/2023\/08\/shubham-dhage-bdt8C6DL6T4-unsplash-768x474.jpg 768w, https:\/\/casteldecabra.com\/wp-content\/uploads\/2023\/08\/shubham-dhage-bdt8C6DL6T4-unsplash.jpg 1500w\" sizes=\"(max-width: 1024px) 100vw, 1024px\" \/>\t\t\t\t\t\t\t\t\t\t\t\t\t\t\t<\/div>\n\t\t\t\t<\/div>\n\t\t\t\t\t<\/div>\n\t\t<\/div>\n\t\t\t\t<div class=\"elementor-column elementor-col-33 elementor-top-column elementor-element elementor-element-4c3b8bb\" data-id=\"4c3b8bb\" data-element_type=\"column\" data-e-type=\"column\">\n\t\t\t<div class=\"elementor-widget-wrap\">\n\t\t\t\t\t\t\t<\/div>\n\t\t<\/div>\n\t\t\t\t\t<\/div>\n\t\t<\/section>\n\t\t\t\t<section class=\"elementor-section elementor-top-section elementor-element elementor-element-9c5e0b5 elementor-section-boxed elementor-section-height-default elementor-section-height-default\" data-id=\"9c5e0b5\" data-element_type=\"section\" data-e-type=\"section\">\n\t\t\t\t\t\t<div class=\"elementor-container elementor-column-gap-default\">\n\t\t\t\t\t<div class=\"elementor-column elementor-col-100 elementor-top-column elementor-element elementor-element-6c81dbe\" data-id=\"6c81dbe\" data-element_type=\"column\" data-e-type=\"column\">\n\t\t\t<div class=\"elementor-widget-wrap elementor-element-populated\">\n\t\t\t\t\t\t<div class=\"elementor-element elementor-element-1d0a502 elementor-widget elementor-widget-spacer\" data-id=\"1d0a502\" data-element_type=\"widget\" data-e-type=\"widget\" data-widget_type=\"spacer.default\">\n\t\t\t\t<div class=\"elementor-widget-container\">\n\t\t\t\t\t\t\t<div class=\"elementor-spacer\">\n\t\t\t<div class=\"elementor-spacer-inner\"><\/div>\n\t\t<\/div>\n\t\t\t\t\t\t<\/div>\n\t\t\t\t<\/div>\n\t\t\t\t\t<\/div>\n\t\t<\/div>\n\t\t\t\t\t<\/div>\n\t\t<\/section>\n\t\t\t\t<section class=\"elementor-section elementor-top-section elementor-element elementor-element-d0b7e9e elementor-section-boxed elementor-section-height-default elementor-section-height-default\" data-id=\"d0b7e9e\" data-element_type=\"section\" data-e-type=\"section\">\n\t\t\t\t\t\t<div class=\"elementor-container elementor-column-gap-default\">\n\t\t\t\t\t<div class=\"elementor-column elementor-col-100 elementor-top-column elementor-element elementor-element-621444e\" data-id=\"621444e\" data-element_type=\"column\" data-e-type=\"column\">\n\t\t\t<div class=\"elementor-widget-wrap elementor-element-populated\">\n\t\t\t\t\t\t<div class=\"elementor-element elementor-element-5334392 elementor-widget elementor-widget-heading\" data-id=\"5334392\" data-element_type=\"widget\" data-e-type=\"widget\" data-widget_type=\"heading.default\">\n\t\t\t\t<div class=\"elementor-widget-container\">\n\t\t\t\t\t<h1 class=\"elementor-heading-title elementor-size-default\">El sitio web www.protubsa.com<br> est\u00e1 en mantenimiento.<\/h1>\t\t\t\t<\/div>\n\t\t\t\t<\/div>\n\t\t\t\t\t<\/div>\n\t\t<\/div>\n\t\t\t\t\t<\/div>\n\t\t<\/section>\n\t\t\t\t<section class=\"elementor-section elementor-top-section elementor-element elementor-element-2ad67cb elementor-section-boxed elementor-section-height-default elementor-section-height-default\" data-id=\"2ad67cb\" data-element_type=\"section\" data-e-type=\"section\">\n\t\t\t\t\t\t<div class=\"elementor-container elementor-column-gap-default\">\n\t\t\t\t\t<div class=\"elementor-column elementor-col-100 elementor-top-column elementor-element elementor-element-25a2acd\" data-id=\"25a2acd\" data-element_type=\"column\" data-e-type=\"column\">\n\t\t\t<div class=\"elementor-widget-wrap elementor-element-populated\">\n\t\t\t\t\t\t<div class=\"vamtam-has-theme-widget-styles elementor-element elementor-element-cfec855 elementor-widget elementor-widget-text-editor\" data-id=\"cfec855\" data-element_type=\"widget\" data-e-type=\"widget\" data-widget_type=\"text-editor.default\">\n\t\t\t\t<div class=\"elementor-widget-container\">\n\t\t\t\t\t\t\t\t\t<p>Estamos realizando algunas actualizaciones en nuestro sitio y necesitaremos estar fuera de l\u00ednea por un tiempo. \u00a1Nos pondremos en contacto contigo pronto!<\/p>\t\t\t\t\t\t\t\t<\/div>\n\t\t\t\t<\/div>\n\t\t\t\t\t<\/div>\n\t\t<\/div>\n\t\t\t\t\t<\/div>\n\t\t<\/section>\n\t\t\t\t<\/div>\n\t\t","protected":false},"excerpt":{"rendered":"<p>El sitio web www.protubsa.com est\u00e1 en mantenimiento. Estamos realizando algunas actualizaciones en nuestro sitio y necesitaremos estar fuera de l\u00ednea por un tiempo. \u00a1Nos pondremos en contacto contigo pronto!<\/p>\n","protected":false},"author":2,"featured_media":0,"parent":0,"menu_order":0,"comment_status":"closed","ping_status":"closed","template":"templates\/wpmm-page-template.php","meta":{"_themeisle_gutenberg_block_has_review":false,"footnotes":""},"folder":[],"class_list":["post-987658","page","type-page","status-publish","hentry"],"yoast_head":"<!-- This site is optimized with the Yoast SEO plugin v27.3 - https:\/\/yoast.com\/product\/yoast-seo-wordpress\/ -->\n<title>P\u00e1gina de mantenimiento - Castel de Cabra<\/title>\n<meta name=\"robots\" content=\"index, follow, max-snippet:-1, max-image-preview:large, max-video-preview:-1\" \/>\n<link rel=\"canonical\" href=\"https:\/\/casteldecabra.com\/\" \/>\n<meta property=\"og:locale\" content=\"es_ES\" \/>\n<meta property=\"og:type\" content=\"article\" \/>\n<meta property=\"og:title\" content=\"P\u00e1gina de mantenimiento - Castel de Cabra\" \/>\n<meta property=\"og:description\" content=\"El sitio web www.protubsa.com est\u00e1 en mantenimiento. Estamos realizando algunas actualizaciones en nuestro sitio y necesitaremos estar fuera de l\u00ednea por un tiempo. \u00a1Nos pondremos en contacto contigo pronto!\" \/>\n<meta property=\"og:url\" content=\"https:\/\/casteldecabra.com\/\" \/>\n<meta property=\"og:site_name\" content=\"Castel de Cabra\" \/>\n<meta property=\"article:modified_time\" content=\"2026-03-04T18:38:52+00:00\" \/>\n<meta property=\"og:image\" content=\"https:\/\/casteldecabra.com\/wp-content\/uploads\/2023\/08\/shubham-dhage-bdt8C6DL6T4-unsplash.jpg\" \/>\n\t<meta property=\"og:image:width\" content=\"1500\" \/>\n\t<meta property=\"og:image:height\" content=\"926\" \/>\n\t<meta property=\"og:image:type\" content=\"image\/jpeg\" \/>\n<meta name=\"twitter:card\" content=\"summary_large_image\" \/>\n<script type=\"application\/ld+json\" class=\"yoast-schema-graph\">{\"@context\":\"https:\\\/\\\/schema.org\",\"@graph\":[{\"@type\":\"WebPage\",\"@id\":\"https:\\\/\\\/casteldecabra.com\\\/\",\"url\":\"https:\\\/\\\/casteldecabra.com\\\/\",\"name\":\"P\u00e1gina de mantenimiento - Castel de Cabra\",\"isPartOf\":{\"@id\":\"https:\\\/\\\/casteldecabra.com\\\/#website\"},\"primaryImageOfPage\":{\"@id\":\"https:\\\/\\\/casteldecabra.com\\\/#primaryimage\"},\"image\":{\"@id\":\"https:\\\/\\\/casteldecabra.com\\\/#primaryimage\"},\"thumbnailUrl\":\"https:\\\/\\\/casteldecabra.com\\\/wp-content\\\/uploads\\\/2023\\\/08\\\/shubham-dhage-bdt8C6DL6T4-unsplash-1024x632.jpg\",\"datePublished\":\"2026-03-04T18:10:28+00:00\",\"dateModified\":\"2026-03-04T18:38:52+00:00\",\"breadcrumb\":{\"@id\":\"https:\\\/\\\/casteldecabra.com\\\/#breadcrumb\"},\"inLanguage\":\"es\",\"potentialAction\":[{\"@type\":\"ReadAction\",\"target\":[\"https:\\\/\\\/casteldecabra.com\\\/\"]}]},{\"@type\":\"ImageObject\",\"inLanguage\":\"es\",\"@id\":\"https:\\\/\\\/casteldecabra.com\\\/#primaryimage\",\"url\":\"https:\\\/\\\/casteldecabra.com\\\/wp-content\\\/uploads\\\/2023\\\/08\\\/shubham-dhage-bdt8C6DL6T4-unsplash.jpg\",\"contentUrl\":\"https:\\\/\\\/casteldecabra.com\\\/wp-content\\\/uploads\\\/2023\\\/08\\\/shubham-dhage-bdt8C6DL6T4-unsplash.jpg\",\"width\":1500,\"height\":926},{\"@type\":\"BreadcrumbList\",\"@id\":\"https:\\\/\\\/casteldecabra.com\\\/#breadcrumb\",\"itemListElement\":[{\"@type\":\"ListItem\",\"position\":1,\"name\":\"Portada\",\"item\":\"https:\\\/\\\/casteldecabra.com\\\/\"},{\"@type\":\"ListItem\",\"position\":2,\"name\":\"P\u00e1gina de mantenimiento\"}]},{\"@type\":\"WebSite\",\"@id\":\"https:\\\/\\\/casteldecabra.com\\\/#website\",\"url\":\"https:\\\/\\\/casteldecabra.com\\\/\",\"name\":\"Castel de Cabra\",\"description\":\"Castel de Cabra \u2022 Naturaleza viva\",\"publisher\":{\"@id\":\"https:\\\/\\\/casteldecabra.com\\\/#organization\"},\"potentialAction\":[{\"@type\":\"SearchAction\",\"target\":{\"@type\":\"EntryPoint\",\"urlTemplate\":\"https:\\\/\\\/casteldecabra.com\\\/?s={search_term_string}\"},\"query-input\":{\"@type\":\"PropertyValueSpecification\",\"valueRequired\":true,\"valueName\":\"search_term_string\"}}],\"inLanguage\":\"es\"},{\"@type\":\"Organization\",\"@id\":\"https:\\\/\\\/casteldecabra.com\\\/#organization\",\"name\":\"Castel de Cabra\",\"url\":\"https:\\\/\\\/casteldecabra.com\\\/\",\"logo\":{\"@type\":\"ImageObject\",\"inLanguage\":\"es\",\"@id\":\"https:\\\/\\\/casteldecabra.com\\\/#\\\/schema\\\/logo\\\/image\\\/\",\"url\":\"https:\\\/\\\/casteldecabra.com\\\/wp-content\\\/uploads\\\/2023\\\/06\\\/logo.svg\",\"contentUrl\":\"https:\\\/\\\/casteldecabra.com\\\/wp-content\\\/uploads\\\/2023\\\/06\\\/logo.svg\",\"width\":116,\"height\":29,\"caption\":\"Castel de Cabra\"},\"image\":{\"@id\":\"https:\\\/\\\/casteldecabra.com\\\/#\\\/schema\\\/logo\\\/image\\\/\"}}]}<\/script>\n<!-- \/ Yoast SEO plugin. -->","yoast_head_json":{"title":"P\u00e1gina de mantenimiento - Castel de Cabra","robots":{"index":"index","follow":"follow","max-snippet":"max-snippet:-1","max-image-preview":"max-image-preview:large","max-video-preview":"max-video-preview:-1"},"canonical":"https:\/\/casteldecabra.com\/","og_locale":"es_ES","og_type":"article","og_title":"P\u00e1gina de mantenimiento - Castel de Cabra","og_description":"El sitio web www.protubsa.com est\u00e1 en mantenimiento. Estamos realizando algunas actualizaciones en nuestro sitio y necesitaremos estar fuera de l\u00ednea por un tiempo. \u00a1Nos pondremos en contacto contigo pronto!","og_url":"https:\/\/casteldecabra.com\/","og_site_name":"Castel de Cabra","article_modified_time":"2026-03-04T18:38:52+00:00","og_image":[{"width":1500,"height":926,"url":"https:\/\/casteldecabra.com\/wp-content\/uploads\/2023\/08\/shubham-dhage-bdt8C6DL6T4-unsplash.jpg","type":"image\/jpeg"}],"twitter_card":"summary_large_image","schema":{"@context":"https:\/\/schema.org","@graph":[{"@type":"WebPage","@id":"https:\/\/casteldecabra.com\/","url":"https:\/\/casteldecabra.com\/","name":"P\u00e1gina de mantenimiento - Castel de Cabra","isPartOf":{"@id":"https:\/\/casteldecabra.com\/#website"},"primaryImageOfPage":{"@id":"https:\/\/casteldecabra.com\/#primaryimage"},"image":{"@id":"https:\/\/casteldecabra.com\/#primaryimage"},"thumbnailUrl":"https:\/\/casteldecabra.com\/wp-content\/uploads\/2023\/08\/shubham-dhage-bdt8C6DL6T4-unsplash-1024x632.jpg","datePublished":"2026-03-04T18:10:28+00:00","dateModified":"2026-03-04T18:38:52+00:00","breadcrumb":{"@id":"https:\/\/casteldecabra.com\/#breadcrumb"},"inLanguage":"es","potentialAction":[{"@type":"ReadAction","target":["https:\/\/casteldecabra.com\/"]}]},{"@type":"ImageObject","inLanguage":"es","@id":"https:\/\/casteldecabra.com\/#primaryimage","url":"https:\/\/casteldecabra.com\/wp-content\/uploads\/2023\/08\/shubham-dhage-bdt8C6DL6T4-unsplash.jpg","contentUrl":"https:\/\/casteldecabra.com\/wp-content\/uploads\/2023\/08\/shubham-dhage-bdt8C6DL6T4-unsplash.jpg","width":1500,"height":926},{"@type":"BreadcrumbList","@id":"https:\/\/casteldecabra.com\/#breadcrumb","itemListElement":[{"@type":"ListItem","position":1,"name":"Portada","item":"https:\/\/casteldecabra.com\/"},{"@type":"ListItem","position":2,"name":"P\u00e1gina de mantenimiento"}]},{"@type":"WebSite","@id":"https:\/\/casteldecabra.com\/#website","url":"https:\/\/casteldecabra.com\/","name":"Castel de Cabra","description":"Castel de Cabra \u2022 Naturaleza viva","publisher":{"@id":"https:\/\/casteldecabra.com\/#organization"},"potentialAction":[{"@type":"SearchAction","target":{"@type":"EntryPoint","urlTemplate":"https:\/\/casteldecabra.com\/?s={search_term_string}"},"query-input":{"@type":"PropertyValueSpecification","valueRequired":true,"valueName":"search_term_string"}}],"inLanguage":"es"},{"@type":"Organization","@id":"https:\/\/casteldecabra.com\/#organization","name":"Castel de Cabra","url":"https:\/\/casteldecabra.com\/","logo":{"@type":"ImageObject","inLanguage":"es","@id":"https:\/\/casteldecabra.com\/#\/schema\/logo\/image\/","url":"https:\/\/casteldecabra.com\/wp-content\/uploads\/2023\/06\/logo.svg","contentUrl":"https:\/\/casteldecabra.com\/wp-content\/uploads\/2023\/06\/logo.svg","width":116,"height":29,"caption":"Castel de Cabra"},"image":{"@id":"https:\/\/casteldecabra.com\/#\/schema\/logo\/image\/"}}]}},"_links":{"self":[{"href":"https:\/\/casteldecabra.com\/index.php?rest_route=\/wp\/v2\/pages\/987658","targetHints":{"allow":["GET"]}}],"collection":[{"href":"https:\/\/casteldecabra.com\/index.php?rest_route=\/wp\/v2\/pages"}],"about":[{"href":"https:\/\/casteldecabra.com\/index.php?rest_route=\/wp\/v2\/types\/page"}],"author":[{"embeddable":true,"href":"https:\/\/casteldecabra.com\/index.php?rest_route=\/wp\/v2\/users\/2"}],"replies":[{"embeddable":true,"href":"https:\/\/casteldecabra.com\/index.php?rest_route=%2Fwp%2Fv2%2Fcomments&post=987658"}],"version-history":[{"count":23,"href":"https:\/\/casteldecabra.com\/index.php?rest_route=\/wp\/v2\/pages\/987658\/revisions"}],"predecessor-version":[{"id":987682,"href":"https:\/\/casteldecabra.com\/index.php?rest_route=\/wp\/v2\/pages\/987658\/revisions\/987682"}],"wp:attachment":[{"href":"https:\/\/casteldecabra.com\/index.php?rest_route=%2Fwp%2Fv2%2Fmedia&parent=987658"}],"wp:term":[{"taxonomy":"folder","embeddable":true,"href":"https:\/\/casteldecabra.com\/index.php?rest_route=%2Fwp%2Fv2%2Ffolder&post=987658"}],"curies":[{"name":"wp","href":"https:\/\/api.w.org\/{rel}","templated":true}]}}